{"id":114,"date":"2009-11-25T11:07:58","date_gmt":"2009-11-25T09:07:58","guid":{"rendered":"http:\/\/www.uralakbulut.com.tr\/?page_id=114"},"modified":"2020-10-24T15:00:39","modified_gmt":"2020-10-24T12:00:39","slug":"presentations","status":"publish","type":"page","link":"https:\/\/uralakbulut.com.tr\/?page_id=114&lang=en","title":{"rendered":"Presentations"},"content":{"rendered":"<p><a href=\"http:\/\/www.uralakbulut.com.tr\/wp-content\/uploads\/2017\/10\/UNIVERSITY-RANK-AND-PROSP-STUD-OCT-14-SHORT-2017.pptx\" target=\"_blank\" rel=\"noopener noreferrer\">Un\u0131vers\u0131ty Rank\u0131ngs And Prospect\u0131ve Students\u00a0\u00a0(Short Vers\u0131on)<\/a><\/p>\n<p><a href=\"http:\/\/urapcenter.org\/akbulut\/SUMERIAN.pptx\">From Sumer\u0131an Chem\u0131cal Laborator\u0131es And Scr\u0131bal Schools to Un\u0131vers\u0131t\u0131es<\/a><\/p>\n<p><a href=\"http:\/\/urapcenter.org\/akbulut\/RUSSIA.pptx\">Rankings and Enhancement of International Competitiveness of <\/a>\u00a0<a href=\"http:\/\/urapcenter.org\/akbulut\/RUSSIA.pptx\">Russian Universities<\/a><\/p>\n<p><a href=\"http:\/\/www.uralakbulut.com.tr\/wp-content\/uploads\/2009\/11\/METU-Technopolis.ppt\">METU Technopolis (PPT)<\/a><\/p>\n<p><a href=\"http:\/\/www.uralakbulut.com.tr\/wp-content\/uploads\/2009\/11\/Science-Society-Books.ppt\">Science Society Books (PPT)<\/a><\/p>\n","protected":false},"excerpt":{"rendered":"<p>Un\u0131vers\u0131ty Rank\u0131ngs And Prospect\u0131ve Students\u00a0\u00a0(Short Vers\u0131on) From Sumer\u0131an Chem\u0131cal Laborator\u0131es And Scr\u0131bal Schools to Un\u0131vers\u0131t\u0131es Rankings and Enhancement of International Competitiveness of \u00a0Russian Universities METU Technopolis (PPT) Science Society Books (PPT)<\/p>\n","protected":false},"author":1,"featured_media":0,"parent":0,"menu_order":4,"comment_status":"closed","ping_status":"open","template":"","meta":{"footnotes":""},"class_list":["post-114","page","type-page","status-publish","hentry"],"yoast_head":"<!-- This site is optimized with the Yoast SEO plugin v17.8 - https:\/\/yoast.com\/wordpress\/plugins\/seo\/ -->\n<title>Presentations - Ural Akbulut<\/title>\n<meta name=\"robots\" content=\"index, follow, max-snippet:-1, max-image-preview:large, max-video-preview:-1\" \/>\n<link rel=\"canonical\" href=\"https:\/\/uralakbulut.com.tr\/?page_id=114&#038;lang=en\" \/>\n<meta property=\"og:locale\" content=\"en_US\" \/>\n<meta property=\"og:type\" content=\"article\" \/>\n<meta property=\"og:title\" content=\"Presentations - Ural Akbulut\" \/>\n<meta property=\"og:description\" content=\"Un\u0131vers\u0131ty Rank\u0131ngs And Prospect\u0131ve Students\u00a0\u00a0(Short Vers\u0131on) From Sumer\u0131an Chem\u0131cal Laborator\u0131es And Scr\u0131bal Schools to Un\u0131vers\u0131t\u0131es Rankings and Enhancement of International Competitiveness of \u00a0Russian Universities METU Technopolis (PPT) Science Society Books (PPT)\" \/>\n<meta property=\"og:url\" content=\"https:\/\/uralakbulut.com.tr\/?page_id=114&amp;lang=en\" \/>\n<meta property=\"og:site_name\" content=\"Ural Akbulut\" \/>\n<meta property=\"article:modified_time\" content=\"2020-10-24T12:00:39+00:00\" \/>\n<meta name=\"twitter:card\" content=\"summary_large_image\" \/>\n<script type=\"application\/ld+json\" class=\"yoast-schema-graph\">{\"@context\":\"https:\/\/schema.org\",\"@graph\":[{\"@type\":\"WebSite\",\"@id\":\"https:\/\/uralakbulut.com.tr\/#website\",\"url\":\"https:\/\/uralakbulut.com.tr\/\",\"name\":\"Ural Akbulut\",\"description\":\"Ki\\u015fisel Web Sayfas\\u0131\",\"potentialAction\":[{\"@type\":\"SearchAction\",\"target\":{\"@type\":\"EntryPoint\",\"urlTemplate\":\"https:\/\/uralakbulut.com.tr\/?s={search_term_string}\"},\"query-input\":\"required name=search_term_string\"}],\"inLanguage\":\"en-US\"},{\"@type\":\"WebPage\",\"@id\":\"https:\/\/uralakbulut.com.tr\/?page_id=114&lang=en#webpage\",\"url\":\"https:\/\/uralakbulut.com.tr\/?page_id=114&lang=en\",\"name\":\"Presentations - Ural Akbulut\",\"isPartOf\":{\"@id\":\"https:\/\/uralakbulut.com.tr\/#website\"},\"datePublished\":\"2009-11-25T09:07:58+00:00\",\"dateModified\":\"2020-10-24T12:00:39+00:00\",\"breadcrumb\":{\"@id\":\"https:\/\/uralakbulut.com.tr\/?page_id=114&lang=en#breadcrumb\"},\"inLanguage\":\"en-US\",\"potentialAction\":[{\"@type\":\"ReadAction\",\"target\":[\"https:\/\/uralakbulut.com.tr\/?page_id=114&lang=en\"]}]},{\"@type\":\"BreadcrumbList\",\"@id\":\"https:\/\/uralakbulut.com.tr\/?page_id=114&lang=en#breadcrumb\",\"itemListElement\":[{\"@type\":\"ListItem\",\"position\":1,\"name\":\"Home\",\"item\":\"https:\/\/uralakbulut.com.tr\/?lang=tr\"},{\"@type\":\"ListItem\",\"position\":2,\"name\":\"Presentations\"}]}]}<\/script>\n<!-- \/ Yoast SEO plugin. -->","yoast_head_json":{"title":"Presentations - Ural Akbulut","robots":{"index":"index","follow":"follow","max-snippet":"max-snippet:-1","max-image-preview":"max-image-preview:large","max-video-preview":"max-video-preview:-1"},"canonical":"https:\/\/uralakbulut.com.tr\/?page_id=114&lang=en","og_locale":"en_US","og_type":"article","og_title":"Presentations - Ural Akbulut","og_description":"Un\u0131vers\u0131ty Rank\u0131ngs And Prospect\u0131ve Students\u00a0\u00a0(Short Vers\u0131on) From Sumer\u0131an Chem\u0131cal Laborator\u0131es And Scr\u0131bal Schools to Un\u0131vers\u0131t\u0131es Rankings and Enhancement of International Competitiveness of \u00a0Russian Universities METU Technopolis (PPT) Science Society Books (PPT)","og_url":"https:\/\/uralakbulut.com.tr\/?page_id=114&lang=en","og_site_name":"Ural Akbulut","article_modified_time":"2020-10-24T12:00:39+00:00","twitter_card":"summary_large_image","schema":{"@context":"https:\/\/schema.org","@graph":[{"@type":"WebSite","@id":"https:\/\/uralakbulut.com.tr\/#website","url":"https:\/\/uralakbulut.com.tr\/","name":"Ural Akbulut","description":"Ki\u015fisel Web Sayfas\u0131","potentialAction":[{"@type":"SearchAction","target":{"@type":"EntryPoint","urlTemplate":"https:\/\/uralakbulut.com.tr\/?s={search_term_string}"},"query-input":"required name=search_term_string"}],"inLanguage":"en-US"},{"@type":"WebPage","@id":"https:\/\/uralakbulut.com.tr\/?page_id=114&lang=en#webpage","url":"https:\/\/uralakbulut.com.tr\/?page_id=114&lang=en","name":"Presentations - Ural Akbulut","isPartOf":{"@id":"https:\/\/uralakbulut.com.tr\/#website"},"datePublished":"2009-11-25T09:07:58+00:00","dateModified":"2020-10-24T12:00:39+00:00","breadcrumb":{"@id":"https:\/\/uralakbulut.com.tr\/?page_id=114&lang=en#breadcrumb"},"inLanguage":"en-US","potentialAction":[{"@type":"ReadAction","target":["https:\/\/uralakbulut.com.tr\/?page_id=114&lang=en"]}]},{"@type":"BreadcrumbList","@id":"https:\/\/uralakbulut.com.tr\/?page_id=114&lang=en#breadcrumb","itemListElement":[{"@type":"ListItem","position":1,"name":"Home","item":"https:\/\/uralakbulut.com.tr\/?lang=tr"},{"@type":"ListItem","position":2,"name":"Presentations"}]}]}},"_links":{"self":[{"href":"https:\/\/uralakbulut.com.tr\/index.php?rest_route=\/wp\/v2\/pages\/114","targetHints":{"allow":["GET"]}}],"collection":[{"href":"https:\/\/uralakbulut.com.tr\/index.php?rest_route=\/wp\/v2\/pages"}],"about":[{"href":"https:\/\/uralakbulut.com.tr\/index.php?rest_route=\/wp\/v2\/types\/page"}],"author":[{"embeddable":true,"href":"https:\/\/uralakbulut.com.tr\/index.php?rest_route=\/wp\/v2\/users\/1"}],"replies":[{"embeddable":true,"href":"https:\/\/uralakbulut.com.tr\/index.php?rest_route=%2Fwp%2Fv2%2Fcomments&post=114"}],"version-history":[{"count":1,"href":"https:\/\/uralakbulut.com.tr\/index.php?rest_route=\/wp\/v2\/pages\/114\/revisions"}],"predecessor-version":[{"id":1612,"href":"https:\/\/uralakbulut.com.tr\/index.php?rest_route=\/wp\/v2\/pages\/114\/revisions\/1612"}],"wp:attachment":[{"href":"https:\/\/uralakbulut.com.tr\/index.php?rest_route=%2Fwp%2Fv2%2Fmedia&parent=114"}],"curies":[{"name":"wp","href":"https:\/\/api.w.org\/{rel}","templated":true}]}}